{"id":8006,"date":"2022-10-27T11:44:08","date_gmt":"2022-10-27T09:44:08","guid":{"rendered":"http:\/\/guideamadrid.com\/agencias-de-viajes\/"},"modified":"2022-11-02T17:35:20","modified_gmt":"2022-11-02T15:35:20","slug":"agences-de-voyages","status":"publish","type":"page","link":"https:\/\/guideamadrid.com\/fr\/agences-de-voyages\/","title":{"rendered":"Agences de voyages"},"content":{"rendered":"\t\t<div data-elementor-type=\"wp-page\" data-elementor-id=\"8006\" class=\"elementor elementor-8006 elementor-7473\" data-elementor-post-type=\"page\">\n\t\t\t\t\t\t<section class=\"elementor-section elementor-top-section elementor-element elementor-element-83674ff elementor-reverse-tablet elementor-reverse-mobile elementor-section-height-min-height elementor-section-boxed elementor-section-height-default elementor-section-items-middle\" data-id=\"83674ff\" data-element_type=\"section\" data-settings=\"{&quot;background_background&quot;:&quot;classic&quot;}\">\n\t\t\t\t\t\t\t<div class=\"elementor-background-overlay\"><\/div>\n\t\t\t\t\t\t\t<div class=\"elementor-container elementor-column-gap-wider\">\n\t\t\t\t\t<div class=\"elementor-column elementor-col-100 elementor-top-column elementor-element elementor-element-5e1d616\" data-id=\"5e1d616\" data-element_type=\"column\">\n\t\t\t<div class=\"elementor-widget-wrap elementor-element-populated\">\n\t\t\t\t\t\t<div class=\"elementor-element elementor-element-7497314 elementor-widget elementor-widget-heading\" data-id=\"7497314\" data-element_type=\"widget\" data-widget_type=\"heading.default\">\n\t\t\t\t<div class=\"elementor-widget-container\">\n\t\t\t\t\t<h2 class=\"elementor-heading-title elementor-size-default\">Agences de Voyages<\/h2>\t\t\t\t<\/div>\n\t\t\t\t<\/div>\n\t\t\t\t<div class=\"elementor-element elementor-element-8088db6 elementor-widget elementor-widget-spacer\" data-id=\"8088db6\" data-element_type=\"widget\" data-widget_type=\"spacer.default\">\n\t\t\t\t<div class=\"elementor-widget-container\">\n\t\t\t\t\t\t\t<div class=\"elementor-spacer\">\n\t\t\t<div class=\"elementor-spacer-inner\"><\/div>\n\t\t<\/div>\n\t\t\t\t\t\t<\/div>\n\t\t\t\t<\/div>\n\t\t\t\t<div class=\"elementor-element elementor-element-c9fc6b1 elementor-widget elementor-widget-text-editor\" data-id=\"c9fc6b1\" data-element_type=\"widget\" data-widget_type=\"text-editor.default\">\n\t\t\t\t<div class=\"elementor-widget-container\">\n\t\t\t\t\t\t\t\t\tTour Operateur, Associations culturelles\n\t\t\t\t\t\t\t\t<\/div>\n\t\t\t\t<\/div>\n\t\t\t\t\t<\/div>\n\t\t<\/div>\n\t\t\t\t\t<\/div>\n\t\t<\/section>\n\t\t\t\t<section class=\"elementor-section elementor-top-section elementor-element elementor-element-b7340d9 elementor-section-boxed elementor-section-height-default elementor-section-height-default\" data-id=\"b7340d9\" data-element_type=\"section\" data-settings=\"{&quot;background_background&quot;:&quot;classic&quot;}\">\n\t\t\t\t\t\t<div class=\"elementor-container elementor-column-gap-wider\">\n\t\t\t\t\t<div class=\"elementor-column elementor-col-50 elementor-top-column elementor-element elementor-element-b31c21f\" data-id=\"b31c21f\" data-element_type=\"column\">\n\t\t\t<div class=\"elementor-widget-wrap elementor-element-populated\">\n\t\t\t\t\t\t<div class=\"elementor-element elementor-element-18d3849 elementor-pagination-position-inside elementor-arrows-position-inside elementor-widget elementor-widget-image-carousel\" data-id=\"18d3849\" data-element_type=\"widget\" data-settings=\"{&quot;slides_to_show&quot;:&quot;1&quot;,&quot;effect&quot;:&quot;fade&quot;,&quot;navigation&quot;:&quot;both&quot;,&quot;autoplay&quot;:&quot;yes&quot;,&quot;pause_on_hover&quot;:&quot;yes&quot;,&quot;pause_on_interaction&quot;:&quot;yes&quot;,&quot;autoplay_speed&quot;:5000,&quot;infinite&quot;:&quot;yes&quot;,&quot;speed&quot;:500}\" data-widget_type=\"image-carousel.default\">\n\t\t\t\t<div class=\"elementor-widget-container\">\n\t\t\t\t\t\t\t<div class=\"elementor-image-carousel-wrapper swiper\" role=\"region\" aria-roledescription=\"carousel\" aria-label=\"Carrousel d\u2019images\" dir=\"ltr\">\n\t\t\t<div class=\"elementor-image-carousel swiper-wrapper\" aria-live=\"off\">\n\t\t\t\t\t\t\t\t<div class=\"swiper-slide\" role=\"group\" aria-roledescription=\"slide\" aria-label=\"1 sur 3\"><figure class=\"swiper-slide-inner\"><img decoding=\"async\" class=\"swiper-slide-image\" src=\"https:\/\/guideamadrid.com\/wp-content\/uploads\/2022\/10\/Taberna-Pedraza-esquina-comedor-Te-Veo-en-Madrid.jpg\" alt=\"Taberna Pedraza\" \/><\/figure><\/div><div class=\"swiper-slide\" role=\"group\" aria-roledescription=\"slide\" aria-label=\"2 sur 3\"><figure class=\"swiper-slide-inner\"><img decoding=\"async\" class=\"swiper-slide-image\" src=\"https:\/\/guideamadrid.com\/wp-content\/uploads\/2022\/10\/Palace_Hotel_Madrid.jpg\" alt=\"Hotel Palace\" \/><\/figure><\/div><div class=\"swiper-slide\" role=\"group\" aria-roledescription=\"slide\" aria-label=\"3 sur 3\"><figure class=\"swiper-slide-inner\"><img decoding=\"async\" class=\"swiper-slide-image\" src=\"https:\/\/guideamadrid.com\/wp-content\/uploads\/2022\/10\/Terminal_4_del_aeropuerto_de_Madrid-Barajas_Espana_2013-01-09.jpg\" alt=\"Terminal 4 del aeropuerto de Barajas, Madrid\" \/><\/figure><\/div>\t\t\t<\/div>\n\t\t\t\t\t\t\t\t\t\t\t\t<div class=\"elementor-swiper-button elementor-swiper-button-prev\" role=\"button\" tabindex=\"0\">\n\t\t\t\t\t\t<i aria-hidden=\"true\" class=\"eicon-chevron-left\"><\/i>\t\t\t\t\t<\/div>\n\t\t\t\t\t<div class=\"elementor-swiper-button elementor-swiper-button-next\" role=\"button\" tabindex=\"0\">\n\t\t\t\t\t\t<i aria-hidden=\"true\" class=\"eicon-chevron-right\"><\/i>\t\t\t\t\t<\/div>\n\t\t\t\t\n\t\t\t\t\t\t\t\t\t<div class=\"swiper-pagination\"><\/div>\n\t\t\t\t\t\t\t\t\t<\/div>\n\t\t\t\t\t\t<\/div>\n\t\t\t\t<\/div>\n\t\t\t\t\t<\/div>\n\t\t<\/div>\n\t\t\t\t<div class=\"elementor-column elementor-col-50 elementor-top-column elementor-element elementor-element-90a3db8\" data-id=\"90a3db8\" data-element_type=\"column\">\n\t\t\t<div class=\"elementor-widget-wrap elementor-element-populated\">\n\t\t\t\t\t\t<div class=\"elementor-element elementor-element-339ffef elementor-widget elementor-widget-text-editor\" data-id=\"339ffef\" data-element_type=\"widget\" data-widget_type=\"text-editor.default\">\n\t\t\t\t<div class=\"elementor-widget-container\">\n\t\t\t\t\t\t\t\t\t<p>En outre de mes visites culturelles\u00a0 que vous pouvez voir sur la section de mon site web ( Visites guid\u00e9es ) je vous offre une s\u00e9rie de services qui compl\u00e8te ma fonction de guide local officiel.<\/p>\t\t\t\t\t\t\t\t<\/div>\n\t\t\t\t<\/div>\n\t\t\t\t<div class=\"elementor-element elementor-element-48060e6 elementor-widget elementor-widget-spacer\" data-id=\"48060e6\" data-element_type=\"widget\" data-widget_type=\"spacer.default\">\n\t\t\t\t<div class=\"elementor-widget-container\">\n\t\t\t\t\t\t\t<div class=\"elementor-spacer\">\n\t\t\t<div class=\"elementor-spacer-inner\"><\/div>\n\t\t<\/div>\n\t\t\t\t\t\t<\/div>\n\t\t\t\t<\/div>\n\t\t\t\t<div class=\"elementor-element elementor-element-2840094 elementor-widget elementor-widget-text-editor\" data-id=\"2840094\" data-element_type=\"widget\" data-widget_type=\"text-editor.default\">\n\t\t\t\t<div class=\"elementor-widget-container\">\n\t\t\t\t\t\t\t\t\t<p>Comme travailleur Free Lance (services orient\u00e9s de vis \u00e0 vis \u00e0 des agences de voyages qui organisent des s\u00e9jours pour des groupes d\u00b4Incentive ou de Congr\u00e8s ou bien des soci\u00e9t\u00e9s de services et ainsi que pour des entreprises).<\/p>\t\t\t\t\t\t\t\t<\/div>\n\t\t\t\t<\/div>\n\t\t\t\t<div class=\"elementor-element elementor-element-1fc70b9 elementor-widget elementor-widget-spacer\" data-id=\"1fc70b9\" data-element_type=\"widget\" data-widget_type=\"spacer.default\">\n\t\t\t\t<div class=\"elementor-widget-container\">\n\t\t\t\t\t\t\t<div class=\"elementor-spacer\">\n\t\t\t<div class=\"elementor-spacer-inner\"><\/div>\n\t\t<\/div>\n\t\t\t\t\t\t<\/div>\n\t\t\t\t<\/div>\n\t\t\t\t<div class=\"elementor-element elementor-element-bd0aeb8 elementor-widget elementor-widget-text-editor\" data-id=\"bd0aeb8\" data-element_type=\"widget\" data-widget_type=\"text-editor.default\">\n\t\t\t\t<div class=\"elementor-widget-container\">\n\t\t\t\t\t\t\t\t\t<ul><li>Transfert depuis l \u00b4a\u00e9roport ou gare de chemins de fer vers les h\u00f4tels ou vis versa.<\/li><li>Assistance et information touristique de tout genre.<\/li><li>Service de traduction (fran\u00e7ais \u2013 espagnol).<\/li><li>Assistance nocturne pour des repas ou des spectacles.<\/li><li>Hospitality desk.<\/li><li>Guide accompagnateur pour des voyages.<\/li><\/ul>\t\t\t\t\t\t\t\t<\/div>\n\t\t\t\t<\/div>\n\t\t\t\t\t<\/div>\n\t\t<\/div>\n\t\t\t\t\t<\/div>\n\t\t<\/section>\n\t\t\t\t<section class=\"elementor-section elementor-top-section elementor-element elementor-element-b5a0b2c elementor-section-boxed elementor-section-height-default elementor-section-height-default\" data-id=\"b5a0b2c\" data-element_type=\"section\" data-settings=\"{&quot;background_background&quot;:&quot;classic&quot;}\">\n\t\t\t\t\t\t<div class=\"elementor-container elementor-column-gap-wider\">\n\t\t\t\t\t<div class=\"elementor-column elementor-col-100 elementor-top-column elementor-element elementor-element-809e938\" data-id=\"809e938\" data-element_type=\"column\">\n\t\t\t<div class=\"elementor-widget-wrap elementor-element-populated\">\n\t\t\t\t\t\t<div class=\"elementor-element elementor-element-327ef8f elementor-widget elementor-widget-text-editor\" data-id=\"327ef8f\" data-element_type=\"widget\" data-widget_type=\"text-editor.default\">\n\t\t\t\t<div class=\"elementor-widget-container\">\n\t\t\t\t\t\t\t\t\t<p>Comme compl\u00e9ment plus sp\u00e9cifique avec plus de 25 ans d\u2019exp\u00e9riences avec des Agences de Voyages ou Tour Operator qui organisent des s\u00e9jours pour un groupe d\u2019incentive ou de Congr\u00e8s, et pareillement pour des Agences de Voyages de caract\u00e8re Culturel, je vous offre aussi :<\/p>\t\t\t\t\t\t\t\t<\/div>\n\t\t\t\t<\/div>\n\t\t\t\t<div class=\"elementor-element elementor-element-c019161 elementor-widget elementor-widget-spacer\" data-id=\"c019161\" data-element_type=\"widget\" data-widget_type=\"spacer.default\">\n\t\t\t\t<div class=\"elementor-widget-container\">\n\t\t\t\t\t\t\t<div class=\"elementor-spacer\">\n\t\t\t<div class=\"elementor-spacer-inner\"><\/div>\n\t\t<\/div>\n\t\t\t\t\t\t<\/div>\n\t\t\t\t<\/div>\n\t\t\t\t<div class=\"elementor-element elementor-element-4862f51 elementor-widget elementor-widget-text-editor\" data-id=\"4862f51\" data-element_type=\"widget\" data-widget_type=\"text-editor.default\">\n\t\t\t\t<div class=\"elementor-widget-container\">\n\t\t\t\t\t\t\t\t\t<ul><li>Visite de prospection avec le client.<\/li><li>Recherche, s\u00e9lection et r\u00e9servation de guides locaux, en fonction des visites et services \u00e0 r\u00e9aliser.<\/li><li>Conseils pour la correcte \u00e9laboration du programme.<\/li><li>Services d\u00b4information au sujet de tout ce qui peut concern\u00e9 le s\u00e9jour (Restaurants, mus\u00e9es\u2026)<\/li><\/ul>\t\t\t\t\t\t\t\t<\/div>\n\t\t\t\t<\/div>\n\t\t\t\t\t<\/div>\n\t\t<\/div>\n\t\t\t\t\t<\/div>\n\t\t<\/section>\n\t\t\t\t<\/div>\n\t\t","protected":false},"excerpt":{"rendered":"<p>Agences de Voyages Tour Operateur, Associations culturelles Anterior Siguiente En outre de mes visites culturelles\u00a0 que vous pouvez voir sur la section de mon site web ( Visites guid\u00e9es ) je vous offre une s\u00e9rie de services qui compl\u00e8te ma fonction de guide local officiel. Comme travailleur Free Lance (services orient\u00e9s de vis \u00e0 vis&hellip;<\/p>\n","protected":false},"author":1,"featured_media":0,"parent":0,"menu_order":15,"comment_status":"closed","ping_status":"closed","template":"elementor_header_footer","meta":{"_joinchat":[],"footnotes":""},"class_list":["post-8006","page","type-page","status-publish","hentry"],"_links":{"self":[{"href":"https:\/\/guideamadrid.com\/fr\/wp-json\/wp\/v2\/pages\/8006","targetHints":{"allow":["GET"]}}],"collection":[{"href":"https:\/\/guideamadrid.com\/fr\/wp-json\/wp\/v2\/pages"}],"about":[{"href":"https:\/\/guideamadrid.com\/fr\/wp-json\/wp\/v2\/types\/page"}],"author":[{"embeddable":true,"href":"https:\/\/guideamadrid.com\/fr\/wp-json\/wp\/v2\/users\/1"}],"replies":[{"embeddable":true,"href":"https:\/\/guideamadrid.com\/fr\/wp-json\/wp\/v2\/comments?post=8006"}],"version-history":[{"count":7,"href":"https:\/\/guideamadrid.com\/fr\/wp-json\/wp\/v2\/pages\/8006\/revisions"}],"predecessor-version":[{"id":8014,"href":"https:\/\/guideamadrid.com\/fr\/wp-json\/wp\/v2\/pages\/8006\/revisions\/8014"}],"wp:attachment":[{"href":"https:\/\/guideamadrid.com\/fr\/wp-json\/wp\/v2\/media?parent=8006"}],"curies":[{"name":"wp","href":"https:\/\/api.w.org\/{rel}","templated":true}]}}