{"id":8046,"date":"2022-10-27T10:46:02","date_gmt":"2022-10-27T08:46:02","guid":{"rendered":"http:\/\/guideamadrid.com\/links\/"},"modified":"2023-02-10T10:19:25","modified_gmt":"2023-02-10T08:19:25","slug":"links","status":"publish","type":"page","link":"https:\/\/guideamadrid.com\/fr\/links\/","title":{"rendered":"Links"},"content":{"rendered":"\t\t<div data-elementor-type=\"wp-page\" data-elementor-id=\"8046\" class=\"elementor elementor-8046 elementor-7436\" data-elementor-post-type=\"page\">\n\t\t\t\t\t\t<section class=\"elementor-section elementor-top-section elementor-element elementor-element-83674ff elementor-reverse-tablet elementor-reverse-mobile elementor-section-height-min-height elementor-section-boxed elementor-section-height-default elementor-section-items-middle\" data-id=\"83674ff\" data-element_type=\"section\" data-settings=\"{&quot;background_background&quot;:&quot;classic&quot;}\">\n\t\t\t\t\t\t\t<div class=\"elementor-background-overlay\"><\/div>\n\t\t\t\t\t\t\t<div class=\"elementor-container elementor-column-gap-wider\">\n\t\t\t\t\t<div class=\"elementor-column elementor-col-100 elementor-top-column elementor-element elementor-element-5e1d616\" data-id=\"5e1d616\" data-element_type=\"column\">\n\t\t\t<div class=\"elementor-widget-wrap elementor-element-populated\">\n\t\t\t\t\t\t<div class=\"elementor-element elementor-element-7497314 elementor-widget elementor-widget-heading\" data-id=\"7497314\" data-element_type=\"widget\" data-widget_type=\"heading.default\">\n\t\t\t\t<div class=\"elementor-widget-container\">\n\t\t\t\t\t<h2 class=\"elementor-heading-title elementor-size-default\">Liens int\u00e9ressants<\/h2>\t\t\t\t<\/div>\n\t\t\t\t<\/div>\n\t\t\t\t<div class=\"elementor-element elementor-element-8088db6 elementor-widget elementor-widget-spacer\" data-id=\"8088db6\" data-element_type=\"widget\" data-widget_type=\"spacer.default\">\n\t\t\t\t<div class=\"elementor-widget-container\">\n\t\t\t\t\t\t\t<div class=\"elementor-spacer\">\n\t\t\t<div class=\"elementor-spacer-inner\"><\/div>\n\t\t<\/div>\n\t\t\t\t\t\t<\/div>\n\t\t\t\t<\/div>\n\t\t\t\t<div class=\"elementor-element elementor-element-c9fc6b1 elementor-widget elementor-widget-text-editor\" data-id=\"c9fc6b1\" data-element_type=\"widget\" data-widget_type=\"text-editor.default\">\n\t\t\t\t<div class=\"elementor-widget-container\">\n\t\t\t\t\t\t\t\t\t<p>Dans cette section, nous ajouteront les links qui peuvent\u00a0 vous \u00eatre utile et int\u00e9ressante.<\/p>\t\t\t\t\t\t\t\t<\/div>\n\t\t\t\t<\/div>\n\t\t\t\t\t<\/div>\n\t\t<\/div>\n\t\t\t\t\t<\/div>\n\t\t<\/section>\n\t\t\t\t<section class=\"elementor-section elementor-top-section elementor-element elementor-element-b7340d9 elementor-section-boxed elementor-section-height-default elementor-section-height-default\" data-id=\"b7340d9\" data-element_type=\"section\" data-settings=\"{&quot;background_background&quot;:&quot;classic&quot;}\">\n\t\t\t\t\t\t<div class=\"elementor-container elementor-column-gap-wider\">\n\t\t\t\t\t<div class=\"elementor-column elementor-col-100 elementor-top-column elementor-element elementor-element-b31c21f\" data-id=\"b31c21f\" data-element_type=\"column\">\n\t\t\t<div class=\"elementor-widget-wrap elementor-element-populated\">\n\t\t\t\t\t\t<div class=\"elementor-element elementor-element-bf9aa9d elementor-widget elementor-widget-text-editor\" data-id=\"bf9aa9d\" data-element_type=\"widget\" data-widget_type=\"text-editor.default\">\n\t\t\t\t<div class=\"elementor-widget-container\">\n\t\t\t\t\t\t\t\t\t<ul><li>Visites priv\u00e9es en fran\u00e7ais de Madrid &#8211; <a href=\"https:\/\/visitespremium.com\/\">https:\/\/visitespremium.com\/<\/a><\/li><li>D\u00e9couvrez Madrid et ses alentours, Visites guid\u00e9es \u00e0 Toledo, Segovia, Escorial ou Aranjuez avec les meilleurs guides touristiques officiels &#8211; <a href=\"https:\/\/decouvrezmadrid.com\/\">https:\/\/decouvrezmadrid.com\/<\/a><\/li><\/ul>\t\t\t\t\t\t\t\t<\/div>\n\t\t\t\t<\/div>\n\t\t\t\t\t<\/div>\n\t\t<\/div>\n\t\t\t\t\t<\/div>\n\t\t<\/section>\n\t\t\t\t<\/div>\n\t\t","protected":false},"excerpt":{"rendered":"<p>Liens int\u00e9ressants Dans cette section, nous ajouteront les links qui peuvent\u00a0 vous \u00eatre utile et int\u00e9ressante. Visites priv\u00e9es en fran\u00e7ais de Madrid &#8211; https:\/\/visitespremium.com\/ D\u00e9couvrez Madrid et ses alentours, Visites guid\u00e9es \u00e0 Toledo, Segovia, Escorial ou Aranjuez avec les meilleurs guides touristiques officiels &#8211; https:\/\/decouvrezmadrid.com\/<\/p>\n","protected":false},"author":1,"featured_media":0,"parent":0,"menu_order":15,"comment_status":"closed","ping_status":"closed","template":"elementor_header_footer","meta":{"_joinchat":[],"footnotes":""},"class_list":["post-8046","page","type-page","status-publish","hentry"],"_links":{"self":[{"href":"https:\/\/guideamadrid.com\/fr\/wp-json\/wp\/v2\/pages\/8046","targetHints":{"allow":["GET"]}}],"collection":[{"href":"https:\/\/guideamadrid.com\/fr\/wp-json\/wp\/v2\/pages"}],"about":[{"href":"https:\/\/guideamadrid.com\/fr\/wp-json\/wp\/v2\/types\/page"}],"author":[{"embeddable":true,"href":"https:\/\/guideamadrid.com\/fr\/wp-json\/wp\/v2\/users\/1"}],"replies":[{"embeddable":true,"href":"https:\/\/guideamadrid.com\/fr\/wp-json\/wp\/v2\/comments?post=8046"}],"version-history":[{"count":18,"href":"https:\/\/guideamadrid.com\/fr\/wp-json\/wp\/v2\/pages\/8046\/revisions"}],"predecessor-version":[{"id":8428,"href":"https:\/\/guideamadrid.com\/fr\/wp-json\/wp\/v2\/pages\/8046\/revisions\/8428"}],"wp:attachment":[{"href":"https:\/\/guideamadrid.com\/fr\/wp-json\/wp\/v2\/media?parent=8046"}],"curies":[{"name":"wp","href":"https:\/\/api.w.org\/{rel}","templated":true}]}}