{"id":8175,"date":"2022-11-04T13:35:57","date_gmt":"2022-11-04T11:35:57","guid":{"rendered":"http:\/\/guideamadrid.com\/?page_id=8175"},"modified":"2026-01-08T13:06:52","modified_gmt":"2026-01-08T11:06:52","slug":"visites-des-musees-et-de-monuments-historiques","status":"publish","type":"page","link":"https:\/\/guideamadrid.com\/fr\/visite-dans-la-ville\/visites-des-musees-et-de-monuments-historiques\/","title":{"rendered":"Visites des mus\u00e9es et de monuments historiques"},"content":{"rendered":"\t\t<div data-elementor-type=\"wp-page\" data-elementor-id=\"8175\" class=\"elementor elementor-8175\" data-elementor-post-type=\"page\">\n\t\t\t\t\t\t<section class=\"elementor-section elementor-top-section elementor-element elementor-element-83674ff elementor-reverse-tablet elementor-reverse-mobile elementor-section-height-min-height elementor-section-boxed elementor-section-height-default elementor-section-items-middle\" data-id=\"83674ff\" data-element_type=\"section\" data-settings=\"{&quot;background_background&quot;:&quot;classic&quot;}\">\n\t\t\t\t\t\t\t<div class=\"elementor-background-overlay\"><\/div>\n\t\t\t\t\t\t\t<div class=\"elementor-container elementor-column-gap-wider\">\n\t\t\t\t\t<div class=\"elementor-column elementor-col-100 elementor-top-column elementor-element elementor-element-5e1d616\" data-id=\"5e1d616\" data-element_type=\"column\">\n\t\t\t<div class=\"elementor-widget-wrap elementor-element-populated\">\n\t\t\t\t\t\t<div class=\"elementor-element elementor-element-7497314 elementor-widget elementor-widget-heading\" data-id=\"7497314\" data-element_type=\"widget\" data-widget_type=\"heading.default\">\n\t\t\t\t<div class=\"elementor-widget-container\">\n\t\t\t\t\t<h2 class=\"elementor-heading-title elementor-size-default\">Visites des mus\u00e9es et des monuments historiques<\/h2>\t\t\t\t<\/div>\n\t\t\t\t<\/div>\n\t\t\t\t<div class=\"elementor-element elementor-element-38c295b elementor-widget elementor-widget-spacer\" data-id=\"38c295b\" data-element_type=\"widget\" data-widget_type=\"spacer.default\">\n\t\t\t\t<div class=\"elementor-widget-container\">\n\t\t\t\t\t\t\t<div class=\"elementor-spacer\">\n\t\t\t<div class=\"elementor-spacer-inner\"><\/div>\n\t\t<\/div>\n\t\t\t\t\t\t<\/div>\n\t\t\t\t<\/div>\n\t\t\t\t<div class=\"elementor-element elementor-element-8088db6 elementor-widget elementor-widget-spacer\" data-id=\"8088db6\" data-element_type=\"widget\" data-widget_type=\"spacer.default\">\n\t\t\t\t<div class=\"elementor-widget-container\">\n\t\t\t\t\t\t\t<div class=\"elementor-spacer\">\n\t\t\t<div class=\"elementor-spacer-inner\"><\/div>\n\t\t<\/div>\n\t\t\t\t\t\t<\/div>\n\t\t\t\t<\/div>\n\t\t\t\t<div class=\"elementor-element elementor-element-89e6a78 elementor-widget elementor-widget-text-editor\" data-id=\"89e6a78\" data-element_type=\"widget\" data-widget_type=\"text-editor.default\">\n\t\t\t\t<div class=\"elementor-widget-container\">\n\t\t\t\t\t\t\t\t\t<p>(Visites d\u2019une dur\u00e9e d\u2019environs d\u2019une heure et demie minimum, rendez vous sur place)<\/p>\t\t\t\t\t\t\t\t<\/div>\n\t\t\t\t<\/div>\n\t\t\t\t\t<\/div>\n\t\t<\/div>\n\t\t\t\t\t<\/div>\n\t\t<\/section>\n\t\t\t\t<section class=\"elementor-section elementor-top-section elementor-element elementor-element-5ec7eeb elementor-section-boxed elementor-section-height-default elementor-section-height-default\" data-id=\"5ec7eeb\" data-element_type=\"section\" data-settings=\"{&quot;background_background&quot;:&quot;classic&quot;}\">\n\t\t\t\t\t\t<div class=\"elementor-container elementor-column-gap-wider\">\n\t\t\t\t\t<div class=\"elementor-column elementor-col-100 elementor-top-column elementor-element elementor-element-f8cfd57\" data-id=\"f8cfd57\" data-element_type=\"column\">\n\t\t\t<div class=\"elementor-widget-wrap elementor-element-populated\">\n\t\t\t\t\t\t<div class=\"elementor-element elementor-element-0a50e3f elementor-widget elementor-widget-text-editor\" data-id=\"0a50e3f\" data-element_type=\"widget\" data-widget_type=\"text-editor.default\">\n\t\t\t\t<div class=\"elementor-widget-container\">\n\t\t\t\t\t\t\t\t\t<ul>\n \t<li>\n<h3><a href=\"https:\/\/www.museodelprado.es\/\">Le Mus\u00e9e du Prado<\/a><\/h3>\nUn des meilleurs mus\u00e9es de peinture en Europe, ample collection d\u2019\u0153uvres espagnole. Veuillez voir la vari\u00e9t\u00e9 des visites que je peux vous proposez et celles qui sont susceptibles d\u2019\u00eatre \u00e9laborer. La visite du mus\u00e9e du Prado est une des mes sp\u00e9cialit\u00e9s.\nVisites propos\u00e9es au mus\u00e9e du Prado:\n<ul>\n \t<li>\n<h5>L\u2019\u00e9cole Espagnole: Ribera, Zurbaran, Greco, Vel\u00e1zquez, Murillo et Goya.<\/h5>\n<\/li>\n \t<li>\n<h5>L\u2019essentiel du Prado, en voyant les chefs d\u2019\u0153uvres des grands maitres de la peinture (J\u00e9r\u00f4me Bosch, Brueghel, Van der Weyden, Rafael, Boticceli, Albert Durer, Greco, Vel\u00e1zquez, Zurbaran, Goya, Rubens\u2026)<\/h5>\n<\/li>\n \t<li>\n<h5>L\u2019\u00e9cole Italienne et Flamande: J\u00e9r\u00f4me Bosch, Brueghel, Van der Weyden, Robert Campin, Rafael, Botticelli, Fray Angelico, Matengna, Tiziano\u2026<\/h5>\n<h5>Visites sp\u00e9ciales. (Veuillez voir)<\/h5>\n<\/li>\n<\/ul>\n<\/li>\n<\/ul>\n&nbsp;\n<ul>\n \t<li>\n<h3><a href=\"http:\/\/www.museothyssen.org\/thyssen\/home\">La Fondation Thyssen<\/a><\/h3>\nImpressionnante collection de tableaux, un parcours qui commence depuis le moyen \u00e2ge et qui va jusqu\u00b4au XX si\u00e8cle, ancienne collection de la famille Thyssen-Bornemisza, peut \u00eatre une des plus compl\u00e8te collection priv\u00e9e.<\/li>\n<\/ul>\n&nbsp;\n<ul>\n \t<li>\n<h3><a href=\"http:\/\/www.museoreinasofia.es\/\">Le Mus\u00e9e d\u2019art moderne Reina Sof\u00eda<\/a><\/h3>\nNotamment le tableau \u201cLe Guernica \u00ab\u00a0 de Picasso et son contexte historique et d\u2019autres peintres espagnol modernes).<\/li>\n<\/ul>\n&nbsp;\n<ul>\n \t<li>\n<h3><a href=\"http:\/\/museosorolla.mcu.es\/\">Le Mus\u00e9e-demeure du peintre Sorolla<\/a><\/h3>\nC\u2019\u00e9tait la demeure et \u00e0 la fois l\u2019atelier du fameux peintre impressionniste espagnol, qui nous permet de savourer une \u00e9poque, une ambiance, dans un \u00e9difice construit en 1910. Visite qui ne d\u00e9\u00e7ois pas, agr\u00e9able d\u00e9couverte d\u2019un magnifique peintre de la lumi\u00e8re. C\u2019est faire une visite en dehors des sentiers battus.<\/li>\n<\/ul>\n&nbsp;\n<ul>\n \t<li>\n<h3><a href=\"http:\/\/www.flg.es\/\">La fondation L\u00e1zaro Galdiano<\/a><\/h3>\n\u00c9tonnante collection priv\u00e9e de toute sorte d\u2019objet d\u2019un m\u00e9c\u00e8ne et \u00e9diteur Mr. Jose Lazaro Galdiano (1862- 1947), dans un somptueux h\u00f4tel particulier de style n\u00e9o-Renaissance. La collection couvre une p\u00e9riode allant du VI si\u00e8cle a.v. J-C au XX si\u00e8cle, 5000 \u0153uvres et objets d\u2019art.<\/li>\n<\/ul>\n&nbsp;\n<ul>\n \t<li>\n<h3><a href=\"http:\/\/museoromanticismo.mcu.es\/\">Le mus\u00e9e du Romantisme (en g\u00e9n\u00e9ral c&rsquo;est l&rsquo;histoire du XIX si\u00e8cle)<\/a><\/h3>\nMus\u00e9e unique en son genre en Europe, situ\u00e9 dans une demeure n\u00e9o-classique de 1776, cette visite c\u2019est comme retourner aux sources, \u00e0 travers 20 salles qui nous retrace cette p\u00e9riode passionnante celle du XIX si\u00e8cle, avec la salle de bal, la salle \u00e0 manger, le boudoir, le fumoir, les diff\u00e9rentes chambre \u00e0 coucher, la salle au billard \u2026 C\u2019est faire une visite en dehors des sentiers battus. Sp\u00e9cialis\u00e9 sur ce mus\u00e9e.<\/li>\n<\/ul>\n&nbsp;\n<ul>\n \t<li>\n<h3><a href=\"http:\/\/museodeltraje.mcu.es\/\">Le mus\u00e9e du costume et de la mode<\/a><\/h3>\nCe magnifique mus\u00e9e, montre \u00e0 travers l\u2019histoire de l\u2019\u00e9volution du v\u00eatement une autre fa\u00e7on originale de d\u00e9couvrir l\u2019histoire de l\u2019Espagne sous un autre aspect, sans aucun doute une visite surprenante.<\/li>\n<\/ul>\n&nbsp;\n<ul>\n \t<li>\n<h3><a href=\"http:\/\/www.patrimonionacional.es\/\">Le Palais Royal<\/a><\/h3>\nSur l\u2019emplacement d\u2019un ancien Alcazar moresque du IX si\u00e8cle, l\u2019actuel a \u00e9t\u00e9 construit au XVIII, et jusqu\u2019\u00e0 1931 fut la r\u00e9sidence des rois d\u2019Espagne. Encore en usage pour accueillir les c\u00e9r\u00e9monie officielles. Nous voyons l\u00b4escalier principal, les diff\u00e9rentes salles de r\u00e9ceptions, la salle de Gala, la salle de porcelaine, la chapelle Royale, la salle du Tr\u00f4ne\u2026<a style=\"font: var(--the7-base-font-big); letter-spacing: var(--the7-base-letter-spacing); text-transform: var(--the7-base-text-transform); word-spacing: normal;\" href=\"https:\/\/www.patrimonionacional.es\/visita\/monasterio-de-las-descalzas-reales\">Le monast\u00e8re de las Descalzas Reales<\/a><span style=\"color: var(--the7-base-color); font: var(--the7-base-font-big); letter-spacing: var(--the7-base-letter-spacing); text-transform: var(--the7-base-text-transform); word-spacing: normal; text-decoration: var(--the7-base-text-decoration);\">.Visite surprenante, inattendu, unique au monde, dans un magnifique \u00e9difice religieux du XVI si\u00e8cle, poss\u00e8de une impressionnante collection d\u00b4\u0153uvres d\u00b4art religieux, faire cette visite c\u2019est comme faire un voyage au pass\u00e9 du XVI et XVII si\u00e8cle. Fondation d\u2019une des filles de Charles V. Pratiquement on peut faire cette visite d\u2019une fa\u00e7on privatis\u00e9, un luxe de visite. Je suis sp\u00e9cialiste de ce monast\u00e8re.<\/span><\/li>\n<\/ul>\n&nbsp;\n<ul>\n \t<li>\n<h3><a href=\"https:\/\/www.patrimonionacional.es\/visita\/real-monasterio-de-la-encarnacion\">Le monast\u00e8re de la Encarnaci\u00f3n<\/a><\/h3>\nCouvent fond\u00e9 1611 par Marguerite d\u2019Autriche, femme de Philippe III, poss\u00e8de une importante collection de tableaux de l\u00b4\u00e9cole madril\u00e8ne du XVII si\u00e8cle et surtout \u00e0 voir sa salle de plus de 1500 reliques.<\/li>\n<\/ul>\n&nbsp;\n<ul>\n \t<li>\n<h3><a href=\"http:\/\/museomadrid.com\/museo-de-historia\/\">Le mus\u00e9e de l\u2019histoire de Madrid (ancien mus\u00e9e municipale)<\/a><\/h3>\nMus\u00e9e qui compl\u00e8te parfaitement les autres visites concernant Madrid. Il retrace l\u2019histoire de la ville de ses origines \u00e0 nos jours surtout les p\u00e9riodes habsbourgeoise et bourbonienne et ne pas manquer de voir la fameuse maquette de la ville de 1830.\n<\/ul>\n&nbsp;\n<ul>\n \t<li>\n<h3><a href=\"https:\/\/www.cultura.gob.es\/mcerralbo\/home.html\">Le Palais du Marquis de Cerralbo ( mus\u00e9e-demeure )<\/a><\/h3>\nMagnifique Palais  qui est renomm\u00e9 non seulement pour son architecture , mais surtout pour sa collection d&rsquo;art impressionnante , qui comprend des \u0153uvres majeures de peintre c\u00e9l\u00e8bres et des objets d&rsquo;art d&rsquo; une grande valeur historique , se plonger \u00e0 une \u00e9poque pass\u00e9e.\n<\/ul>\n&nbsp;\n<ul>\n \t<li>\n<h3><a href=\"https:\/\/www.palaciodeliria.com\/\">Le Palais de Liria<\/a><\/h3>\nR\u00e9sidence priv\u00e9 de la famille Alba qui a contribu\u00e9 de mani\u00e8re significative au patrimoine culturel et politique , un joyau historique dans le c\u0153ur de Madrid qui abrite une collection d&rsquo;art impressionnante qui va du XV au XX si\u00e8cle. ( le Palais de Liria a r\u00e9cemment ouvert ses portes, alors qu&rsquo;auparavant  il &lsquo;\u00e9tait  pas possible de le visiter).\n<\/ul>\t\t\t\t\t\t\t\t<\/div>\n\t\t\t\t<\/div>\n\t\t\t\t\t<\/div>\n\t\t<\/div>\n\t\t\t\t\t<\/div>\n\t\t<\/section>\n\t\t\t\t<section class=\"elementor-section elementor-top-section elementor-element elementor-element-926f933 elementor-section-boxed elementor-section-height-default elementor-section-height-default\" data-id=\"926f933\" data-element_type=\"section\" data-settings=\"{&quot;background_background&quot;:&quot;classic&quot;}\">\n\t\t\t\t\t\t<div class=\"elementor-container elementor-column-gap-wider\">\n\t\t\t\t\t<div class=\"elementor-column elementor-col-100 elementor-top-column elementor-element elementor-element-153d825\" data-id=\"153d825\" data-element_type=\"column\">\n\t\t\t<div class=\"elementor-widget-wrap elementor-element-populated\">\n\t\t\t\t\t\t<div class=\"elementor-element elementor-element-52b7be0 elementor-pagination-position-inside elementor-arrows-position-inside elementor-widget elementor-widget-image-carousel\" data-id=\"52b7be0\" data-element_type=\"widget\" data-settings=\"{&quot;slides_to_show&quot;:&quot;3&quot;,&quot;navigation&quot;:&quot;both&quot;,&quot;autoplay&quot;:&quot;yes&quot;,&quot;pause_on_hover&quot;:&quot;yes&quot;,&quot;pause_on_interaction&quot;:&quot;yes&quot;,&quot;autoplay_speed&quot;:5000,&quot;infinite&quot;:&quot;yes&quot;,&quot;speed&quot;:500}\" data-widget_type=\"image-carousel.default\">\n\t\t\t\t<div class=\"elementor-widget-container\">\n\t\t\t\t\t\t\t<div class=\"elementor-image-carousel-wrapper swiper\" role=\"region\" aria-roledescription=\"carousel\" aria-label=\"Image Carousel\" dir=\"ltr\">\n\t\t\t<div class=\"elementor-image-carousel swiper-wrapper\" aria-live=\"off\">\n\t\t\t\t\t\t\t\t<div class=\"swiper-slide\" role=\"group\" aria-roledescription=\"slide\" aria-label=\"1 sur 6\"><figure class=\"swiper-slide-inner\"><img decoding=\"async\" class=\"swiper-slide-image\" src=\"https:\/\/guideamadrid.com\/wp-content\/uploads\/2022\/11\/Le-Plais-Royal.jpg\" alt=\"Le Palais Royal\" \/><\/figure><\/div><div class=\"swiper-slide\" role=\"group\" aria-roledescription=\"slide\" aria-label=\"2 sur 6\"><figure class=\"swiper-slide-inner\"><img decoding=\"async\" class=\"swiper-slide-image\" src=\"https:\/\/guideamadrid.com\/wp-content\/uploads\/2022\/11\/La-Fondation-Lazaro-Galdiano.jpg\" alt=\"La Fondation L\u00e1zaro Galdiano\" \/><\/figure><\/div><div class=\"swiper-slide\" role=\"group\" aria-roledescription=\"slide\" aria-label=\"3 sur 6\"><figure class=\"swiper-slide-inner\"><img decoding=\"async\" class=\"swiper-slide-image\" src=\"https:\/\/guideamadrid.com\/wp-content\/uploads\/2022\/11\/Le-Musee-du-Prado.jpg\" alt=\"Le Mus\u00e9e du Prado\" \/><\/figure><\/div><div class=\"swiper-slide\" role=\"group\" aria-roledescription=\"slide\" aria-label=\"4 sur 6\"><figure class=\"swiper-slide-inner\"><img decoding=\"async\" class=\"swiper-slide-image\" src=\"https:\/\/guideamadrid.com\/wp-content\/uploads\/2022\/11\/Thyssen-Bornemisza.jpg\" alt=\"Thyssen Bornemisza\" \/><\/figure><\/div><div class=\"swiper-slide\" role=\"group\" aria-roledescription=\"slide\" aria-label=\"5 sur 6\"><figure class=\"swiper-slide-inner\"><img decoding=\"async\" class=\"swiper-slide-image\" src=\"https:\/\/guideamadrid.com\/wp-content\/uploads\/2022\/11\/Sorolla.jpg\" alt=\"Sorolla\" \/><\/figure><\/div><div class=\"swiper-slide\" role=\"group\" aria-roledescription=\"slide\" aria-label=\"6 sur 6\"><figure class=\"swiper-slide-inner\"><img decoding=\"async\" class=\"swiper-slide-image\" src=\"https:\/\/guideamadrid.com\/wp-content\/uploads\/2022\/11\/Le-Musee-dart-moderne-Reina-Sofia.jpg\" alt=\"Le Mus\u00e9e d\u00e1rt moderne Reina Sof\u00eda\" \/><\/figure><\/div>\t\t\t<\/div>\n\t\t\t\t\t\t\t\t\t\t\t\t<div class=\"elementor-swiper-button elementor-swiper-button-prev\" role=\"button\" tabindex=\"0\">\n\t\t\t\t\t\t<i aria-hidden=\"true\" class=\"eicon-chevron-left\"><\/i>\t\t\t\t\t<\/div>\n\t\t\t\t\t<div class=\"elementor-swiper-button elementor-swiper-button-next\" role=\"button\" tabindex=\"0\">\n\t\t\t\t\t\t<i aria-hidden=\"true\" class=\"eicon-chevron-right\"><\/i>\t\t\t\t\t<\/div>\n\t\t\t\t\n\t\t\t\t\t\t\t\t\t<div class=\"swiper-pagination\"><\/div>\n\t\t\t\t\t\t\t\t\t<\/div>\n\t\t\t\t\t\t<\/div>\n\t\t\t\t<\/div>\n\t\t\t\t<div class=\"elementor-element elementor-element-235f20c elementor-widget elementor-widget-spacer\" data-id=\"235f20c\" data-element_type=\"widget\" data-widget_type=\"spacer.default\">\n\t\t\t\t<div class=\"elementor-widget-container\">\n\t\t\t\t\t\t\t<div class=\"elementor-spacer\">\n\t\t\t<div class=\"elementor-spacer-inner\"><\/div>\n\t\t<\/div>\n\t\t\t\t\t\t<\/div>\n\t\t\t\t<\/div>\n\t\t\t\t\t<\/div>\n\t\t<\/div>\n\t\t\t\t\t<\/div>\n\t\t<\/section>\n\t\t\t\t<\/div>\n\t\t","protected":false},"excerpt":{"rendered":"<p>Visites des mus\u00e9es et des monuments historiques (Visites d\u2019une dur\u00e9e d\u2019environs d\u2019une heure et demie minimum, rendez vous sur place) Le Mus\u00e9e du Prado Un des meilleurs mus\u00e9es de peinture en Europe, ample collection d\u2019\u0153uvres espagnole. Veuillez voir la vari\u00e9t\u00e9 des visites que je peux vous proposez et celles qui sont susceptibles d\u2019\u00eatre \u00e9laborer. La&hellip;<\/p>\n","protected":false},"author":1,"featured_media":0,"parent":8069,"menu_order":15,"comment_status":"closed","ping_status":"closed","template":"elementor_header_footer","meta":{"_joinchat":[],"footnotes":""},"class_list":["post-8175","page","type-page","status-publish","hentry"],"_links":{"self":[{"href":"https:\/\/guideamadrid.com\/fr\/wp-json\/wp\/v2\/pages\/8175","targetHints":{"allow":["GET"]}}],"collection":[{"href":"https:\/\/guideamadrid.com\/fr\/wp-json\/wp\/v2\/pages"}],"about":[{"href":"https:\/\/guideamadrid.com\/fr\/wp-json\/wp\/v2\/types\/page"}],"author":[{"embeddable":true,"href":"https:\/\/guideamadrid.com\/fr\/wp-json\/wp\/v2\/users\/1"}],"replies":[{"embeddable":true,"href":"https:\/\/guideamadrid.com\/fr\/wp-json\/wp\/v2\/comments?post=8175"}],"version-history":[{"count":22,"href":"https:\/\/guideamadrid.com\/fr\/wp-json\/wp\/v2\/pages\/8175\/revisions"}],"predecessor-version":[{"id":8617,"href":"https:\/\/guideamadrid.com\/fr\/wp-json\/wp\/v2\/pages\/8175\/revisions\/8617"}],"up":[{"embeddable":true,"href":"https:\/\/guideamadrid.com\/fr\/wp-json\/wp\/v2\/pages\/8069"}],"wp:attachment":[{"href":"https:\/\/guideamadrid.com\/fr\/wp-json\/wp\/v2\/media?parent=8175"}],"curies":[{"name":"wp","href":"https:\/\/api.w.org\/{rel}","templated":true}]}}