{"id":8198,"date":"2022-11-04T13:47:48","date_gmt":"2022-11-04T11:47:48","guid":{"rendered":"http:\/\/guideamadrid.com\/?page_id=8198"},"modified":"2023-02-09T14:46:52","modified_gmt":"2023-02-09T12:46:52","slug":"visites-speciales","status":"publish","type":"page","link":"https:\/\/guideamadrid.com\/fr\/visite-dans-la-ville\/visites-speciales\/","title":{"rendered":"Visites sp\u00e9ciales"},"content":{"rendered":"\t\t<div data-elementor-type=\"wp-page\" data-elementor-id=\"8198\" class=\"elementor elementor-8198\" data-elementor-post-type=\"page\">\n\t\t\t\t\t\t<section class=\"elementor-section elementor-top-section elementor-element elementor-element-83674ff elementor-reverse-tablet elementor-reverse-mobile elementor-section-height-min-height elementor-section-boxed elementor-section-height-default elementor-section-items-middle\" data-id=\"83674ff\" data-element_type=\"section\" data-settings=\"{&quot;background_background&quot;:&quot;classic&quot;}\">\n\t\t\t\t\t\t\t<div class=\"elementor-background-overlay\"><\/div>\n\t\t\t\t\t\t\t<div class=\"elementor-container elementor-column-gap-wider\">\n\t\t\t\t\t<div class=\"elementor-column elementor-col-100 elementor-top-column elementor-element elementor-element-5e1d616\" data-id=\"5e1d616\" data-element_type=\"column\">\n\t\t\t<div class=\"elementor-widget-wrap elementor-element-populated\">\n\t\t\t\t\t\t<div class=\"elementor-element elementor-element-7497314 elementor-widget elementor-widget-heading\" data-id=\"7497314\" data-element_type=\"widget\" data-widget_type=\"heading.default\">\n\t\t\t\t<div class=\"elementor-widget-container\">\n\t\t\t\t\t<h2 class=\"elementor-heading-title elementor-size-default\">Visites sp\u00e9ciales<\/h2>\t\t\t\t<\/div>\n\t\t\t\t<\/div>\n\t\t\t\t<div class=\"elementor-element elementor-element-38c295b elementor-widget elementor-widget-spacer\" data-id=\"38c295b\" data-element_type=\"widget\" data-widget_type=\"spacer.default\">\n\t\t\t\t<div class=\"elementor-widget-container\">\n\t\t\t\t\t\t\t<div class=\"elementor-spacer\">\n\t\t\t<div class=\"elementor-spacer-inner\"><\/div>\n\t\t<\/div>\n\t\t\t\t\t\t<\/div>\n\t\t\t\t<\/div>\n\t\t\t\t<div class=\"elementor-element elementor-element-8088db6 elementor-widget elementor-widget-spacer\" data-id=\"8088db6\" data-element_type=\"widget\" data-widget_type=\"spacer.default\">\n\t\t\t\t<div class=\"elementor-widget-container\">\n\t\t\t\t\t\t\t<div class=\"elementor-spacer\">\n\t\t\t<div class=\"elementor-spacer-inner\"><\/div>\n\t\t<\/div>\n\t\t\t\t\t\t<\/div>\n\t\t\t\t<\/div>\n\t\t\t\t<div class=\"elementor-element elementor-element-89e6a78 elementor-widget elementor-widget-text-editor\" data-id=\"89e6a78\" data-element_type=\"widget\" data-widget_type=\"text-editor.default\">\n\t\t\t\t<div class=\"elementor-widget-container\">\n\t\t\t\t\t\t\t\t\t<p>Se sont des visites qui peuvent s\u2019organiser sur mesure et qui sortent des sentiers battus. (Budget sur demande)<\/p>\t\t\t\t\t\t\t\t<\/div>\n\t\t\t\t<\/div>\n\t\t\t\t\t<\/div>\n\t\t<\/div>\n\t\t\t\t\t<\/div>\n\t\t<\/section>\n\t\t\t\t<section class=\"elementor-section elementor-top-section elementor-element elementor-element-5ec7eeb elementor-section-boxed elementor-section-height-default elementor-section-height-default\" data-id=\"5ec7eeb\" data-element_type=\"section\" data-settings=\"{&quot;background_background&quot;:&quot;classic&quot;}\">\n\t\t\t\t\t\t<div class=\"elementor-container elementor-column-gap-wider\">\n\t\t\t\t\t<div class=\"elementor-column elementor-col-100 elementor-top-column elementor-element elementor-element-f8cfd57\" data-id=\"f8cfd57\" data-element_type=\"column\">\n\t\t\t<div class=\"elementor-widget-wrap elementor-element-populated\">\n\t\t\t\t\t\t<div class=\"elementor-element elementor-element-0a50e3f elementor-widget elementor-widget-text-editor\" data-id=\"0a50e3f\" data-element_type=\"widget\" data-widget_type=\"text-editor.default\">\n\t\t\t\t<div class=\"elementor-widget-container\">\n\t\t\t\t\t\t\t\t\t<ul><li><strong>Visites monographiques<\/strong>, comme par exemple le Madrid de Goya. En visitant les lieux et les mus\u00e9es en relation avec le peintre Goya.<\/li><li><strong>Visites th\u00e9matiques<\/strong>, comme par exemple, \u201cle Madrid de l\u2019\u00e9poque du Romanticisme qui se peut se faire\u00a0 sur plusieurs jours. (mus\u00e9es, lieux, monuments de cette \u00e9poque. Possibilit\u00e9 de voir un magasin et mus\u00e9e \u00e0 la fois d\u2019\u00e9ventail qui compl\u00e8te ce s\u00e9jour et m\u00eame de d\u00e9jeuner dans un restaurant de cette \u00e9poque. La p\u00e9riode Napol\u00e9onienne en Espagne et sans oublier le Dos de Mayo de 1808.<\/li><li><strong>Visites du patrimoine industriel<\/strong>, il existe comme dans beaucoup d\u2019autre grande capitales, des anciennes industries, abattoirs\u2026 transform\u00e9s par exemple en centres culturels comme, le Caixa Forum, El Matadero, ou l\u2019ancienne brasserie transform\u00e9 en biblioth\u00e8que\u2026<\/li><li><strong>Visites de l\u2019architecture moderne<\/strong>, surtout dans l\u2019axe de l\u2019avenue de la Castellana, comme l\u2019annexe du mus\u00e9e moderne Reina Sofia de Jean Nouvel, les quatre tours qui ont d\u00e9pass\u00e9 le sky line de Madrid sign\u00e9 par C\u00e9sar Pelli, I.M Pei, Norman Foster et Rubio &amp; Alvarez-Sala . L\u2019h\u00f4tel de luxe Puerta America, fruit de 19 cabinets d\u2019architecture et de desing internationaux (Jean Nouvel, Zaha Hadid, Norman Foster ,David Chipperield \u2026) Extension de l\u2019a\u00e9roport Barajas-Adolfo Suarez, la Terminale 4\u2026<\/li><li><strong>Visite panoramique de tout Madrid en bus priv\u00e9 ou en taxi<\/strong>. Cette visite tr\u00e8s compl\u00e8te permet de voir les 4 grandes zones historiques de la ville, le Madrid du XVI et XVII si\u00e8cle, le Madrid des Bourbon du XVIII si\u00e8cle, le Madrid r\u00e9sidentiel du XIX si\u00e8cle et celui du XX si\u00e8cle le Madrid Moderne. Tout \u00e7a aves des arr\u00eats durant le parcours.<\/li><li><strong>Visites gastronomique ou de tapas de Madrid<\/strong>, qui peut se faire ou non dans le cadre d\u2019une des visites sugg\u00e9r\u00e9es \u00e0 pied. La culture n\u2019est pas exclusivement la connaissance des mus\u00e9es ou des monuments historiques, il y a cet aspect ludique et satisfaisant qui est la gastronomie (mon petit p\u00eacher mignon). Madrid comme capitale du pays est une grande vitrine de la vari\u00e9t\u00e9 et la richesse de la gastronomie national.<\/li><li><b class=\"\">Cultural shopping tour<\/b>. Durant un\u00a0s\u00e9jour dans une ville pour la\u00a0d\u00e9couvrir , il y a\u00a0plusieurs aspects .\u00a0Je vous propose de faire \u00a0\u00e0 la fois \u00a0\u00bb Loisir et culture \u00a0\u00bb .\u00a0Connaitre\u00a0le quartier\u00a0r\u00e9sidentiel de Madrid du XIX si\u00e8cle (\u00a0p\u00e9riode\u00a0contemporaine \u00e0 la\u00a0p\u00e9riode de Haussmann de Paris ) tout en faisant une\u00a0agr\u00e9able ballade de ce\u00a0quartier et pour\u00a0quoi pas en faisant du \u00a0\u00bb l\u00e8che vitrine \u00a0\u00bb en\u00a0m\u00eame temps de\u00a0connaitre l&rsquo;\u00a0histoire de \u00ab\u00a0la mode \u00a0\u00bb et de la \u00ab\u00a0haute\u00a0couture et ses\u00a0fondateurs\u00a0\u00a0\u00bb \u00e0\u00a0travers ses magasins.\u00a0L &lsquo;histoire des \u00a0\u00bb jeans\u00a0\u00bb , les\u00a0vari\u00e9t\u00e9s de\u00a0vitrines , les \u00a0\u00bb flags ship store\u00a0\u00bb , l&rsquo; histoire des grands\u00a0couturiers , \u00a0sans oublier le patrimoine monumental de ce quartier tr\u00e8s\u00a0agr\u00e9able \u00e0 se\u00a0promener .\u00a0La place de la Puerta de Alcala , la rue Serrano et ses palais , le mus\u00e9e\u00a0arch\u00e9ologique , la\u00a0place de Colomb. Visite original .<\/li><li>Possibilit\u00e9 d&rsquo;organiser un parcours des Magasins Centenaires qui font parti du Patrimoine historique culturel de la ville, et qui ont re\u00e7u de la part de la mairie une plaque en hommage, \u00e0 leurs histoires, qualit\u00e9s, produits et originalit\u00e9s.<\/li><li><strong>Visite du Parc del Buen Retiro<\/strong>. Ce parc historique actuellement de 118 ha en plein Madrid , ancien jardin royal del Real Sitio del Buen Retiro , palais royal de l\u00b4\u00e9poque de Philippe IV ( XVII si\u00e8cle ), dont ne subsiste que le Cason del Buen Retiro et le b\u00e2timent qui abrit\u00e9 avant le mus\u00e9e de l\u00b4arm\u00e9 d\u00e9plac\u00e9 \u00e0 Tol\u00e8de. Une s\u00e9rie de diff\u00e9rents jardins, comme le parterre, le jardin chinois, la roseraie \u2026 les b\u00e2timents comme le palais de cristal, le palais Vel\u00e1zquez\u2026 le lac artificiel.<\/li><\/ul>\t\t\t\t\t\t\t\t<\/div>\n\t\t\t\t<\/div>\n\t\t\t\t\t<\/div>\n\t\t<\/div>\n\t\t\t\t\t<\/div>\n\t\t<\/section>\n\t\t\t\t<section class=\"elementor-section elementor-top-section elementor-element elementor-element-926f933 elementor-section-boxed elementor-section-height-default elementor-section-height-default\" data-id=\"926f933\" data-element_type=\"section\" data-settings=\"{&quot;background_background&quot;:&quot;classic&quot;}\">\n\t\t\t\t\t\t<div class=\"elementor-container elementor-column-gap-wider\">\n\t\t\t\t\t<div class=\"elementor-column elementor-col-100 elementor-top-column elementor-element elementor-element-153d825\" data-id=\"153d825\" data-element_type=\"column\">\n\t\t\t<div class=\"elementor-widget-wrap elementor-element-populated\">\n\t\t\t\t\t\t<div class=\"elementor-element elementor-element-52b7be0 elementor-pagination-position-inside elementor-arrows-position-inside elementor-widget elementor-widget-image-carousel\" data-id=\"52b7be0\" data-element_type=\"widget\" data-settings=\"{&quot;slides_to_show&quot;:&quot;3&quot;,&quot;navigation&quot;:&quot;both&quot;,&quot;autoplay&quot;:&quot;yes&quot;,&quot;pause_on_hover&quot;:&quot;yes&quot;,&quot;pause_on_interaction&quot;:&quot;yes&quot;,&quot;autoplay_speed&quot;:5000,&quot;infinite&quot;:&quot;yes&quot;,&quot;speed&quot;:500}\" data-widget_type=\"image-carousel.default\">\n\t\t\t\t<div class=\"elementor-widget-container\">\n\t\t\t\t\t\t\t<div class=\"elementor-image-carousel-wrapper swiper\" role=\"region\" aria-roledescription=\"carousel\" aria-label=\"Carrousel d\u2019images\" dir=\"ltr\">\n\t\t\t<div class=\"elementor-image-carousel swiper-wrapper\" aria-live=\"off\">\n\t\t\t\t\t\t\t\t<div class=\"swiper-slide\" role=\"group\" aria-roledescription=\"slide\" aria-label=\"1 sur 5\"><figure class=\"swiper-slide-inner\"><img decoding=\"async\" class=\"swiper-slide-image\" src=\"https:\/\/guideamadrid.com\/wp-content\/uploads\/2022\/11\/Visites-monographiques.jpg\" alt=\"Visites monographiques\" \/><\/figure><\/div><div class=\"swiper-slide\" role=\"group\" aria-roledescription=\"slide\" aria-label=\"2 sur 5\"><figure class=\"swiper-slide-inner\"><img decoding=\"async\" class=\"swiper-slide-image\" src=\"https:\/\/guideamadrid.com\/wp-content\/uploads\/2022\/11\/Visites-de-larchitecture-moderne.jpg\" alt=\"Visites de l&#039;architecture moderne\" \/><\/figure><\/div><div class=\"swiper-slide\" role=\"group\" aria-roledescription=\"slide\" aria-label=\"3 sur 5\"><figure class=\"swiper-slide-inner\"><img decoding=\"async\" class=\"swiper-slide-image\" src=\"https:\/\/guideamadrid.com\/wp-content\/uploads\/2022\/11\/Visites-gastronomique-ou-de-tapas-de-Madrid.jpg\" alt=\"Visites gastronomique ou de tapas de Madrid\" \/><\/figure><\/div><div class=\"swiper-slide\" role=\"group\" aria-roledescription=\"slide\" aria-label=\"4 sur 5\"><figure class=\"swiper-slide-inner\"><img decoding=\"async\" class=\"swiper-slide-image\" src=\"https:\/\/guideamadrid.com\/wp-content\/uploads\/2022\/11\/Shopping-Tour.jpg\" alt=\"Shopping Tour\" \/><\/figure><\/div><div class=\"swiper-slide\" role=\"group\" aria-roledescription=\"slide\" aria-label=\"5 sur 5\"><figure class=\"swiper-slide-inner\"><img decoding=\"async\" class=\"swiper-slide-image\" src=\"https:\/\/guideamadrid.com\/wp-content\/uploads\/2022\/11\/Visites-du-patrimoine.jpg\" alt=\"Visites du patrimoine\" \/><\/figure><\/div>\t\t\t<\/div>\n\t\t\t\t\t\t\t\t\t\t\t\t<div class=\"elementor-swiper-button elementor-swiper-button-prev\" role=\"button\" tabindex=\"0\">\n\t\t\t\t\t\t<i aria-hidden=\"true\" class=\"eicon-chevron-left\"><\/i>\t\t\t\t\t<\/div>\n\t\t\t\t\t<div class=\"elementor-swiper-button elementor-swiper-button-next\" role=\"button\" tabindex=\"0\">\n\t\t\t\t\t\t<i aria-hidden=\"true\" class=\"eicon-chevron-right\"><\/i>\t\t\t\t\t<\/div>\n\t\t\t\t\n\t\t\t\t\t\t\t\t\t<div class=\"swiper-pagination\"><\/div>\n\t\t\t\t\t\t\t\t\t<\/div>\n\t\t\t\t\t\t<\/div>\n\t\t\t\t<\/div>\n\t\t\t\t<div class=\"elementor-element elementor-element-235f20c elementor-widget elementor-widget-spacer\" data-id=\"235f20c\" data-element_type=\"widget\" data-widget_type=\"spacer.default\">\n\t\t\t\t<div class=\"elementor-widget-container\">\n\t\t\t\t\t\t\t<div class=\"elementor-spacer\">\n\t\t\t<div class=\"elementor-spacer-inner\"><\/div>\n\t\t<\/div>\n\t\t\t\t\t\t<\/div>\n\t\t\t\t<\/div>\n\t\t\t\t\t<\/div>\n\t\t<\/div>\n\t\t\t\t\t<\/div>\n\t\t<\/section>\n\t\t\t\t<\/div>\n\t\t","protected":false},"excerpt":{"rendered":"<p>Visites sp\u00e9ciales Se sont des visites qui peuvent s\u2019organiser sur mesure et qui sortent des sentiers battus. (Budget sur demande) Visites monographiques, comme par exemple le Madrid de Goya. En visitant les lieux et les mus\u00e9es en relation avec le peintre Goya. Visites th\u00e9matiques, comme par exemple, \u201cle Madrid de l\u2019\u00e9poque du Romanticisme qui se&hellip;<\/p>\n","protected":false},"author":1,"featured_media":0,"parent":8069,"menu_order":15,"comment_status":"closed","ping_status":"closed","template":"elementor_header_footer","meta":{"_joinchat":[],"footnotes":""},"class_list":["post-8198","page","type-page","status-publish","hentry"],"_links":{"self":[{"href":"https:\/\/guideamadrid.com\/fr\/wp-json\/wp\/v2\/pages\/8198","targetHints":{"allow":["GET"]}}],"collection":[{"href":"https:\/\/guideamadrid.com\/fr\/wp-json\/wp\/v2\/pages"}],"about":[{"href":"https:\/\/guideamadrid.com\/fr\/wp-json\/wp\/v2\/types\/page"}],"author":[{"embeddable":true,"href":"https:\/\/guideamadrid.com\/fr\/wp-json\/wp\/v2\/users\/1"}],"replies":[{"embeddable":true,"href":"https:\/\/guideamadrid.com\/fr\/wp-json\/wp\/v2\/comments?post=8198"}],"version-history":[{"count":13,"href":"https:\/\/guideamadrid.com\/fr\/wp-json\/wp\/v2\/pages\/8198\/revisions"}],"predecessor-version":[{"id":8406,"href":"https:\/\/guideamadrid.com\/fr\/wp-json\/wp\/v2\/pages\/8198\/revisions\/8406"}],"up":[{"embeddable":true,"href":"https:\/\/guideamadrid.com\/fr\/wp-json\/wp\/v2\/pages\/8069"}],"wp:attachment":[{"href":"https:\/\/guideamadrid.com\/fr\/wp-json\/wp\/v2\/media?parent=8198"}],"curies":[{"name":"wp","href":"https:\/\/api.w.org\/{rel}","templated":true}]}}